{"id":10919,"date":"2024-11-04T08:41:58","date_gmt":"2024-11-04T08:41:58","guid":{"rendered":"https:\/\/kralj-km.hr\/Webshop\/?post_type=product&#038;p=10919"},"modified":"2024-11-04T08:41:59","modified_gmt":"2024-11-04T08:41:59","slug":"brza-spojka-zenska-1-2-125-1-2b-nv12gasf","status":"publish","type":"product","link":"https:\/\/kralj-km.hr\/Webshop\/product\/brza-spojka-zenska-1-2-125-1-2b-nv12gasf\/","title":{"rendered":"Brza spojka \u017eenska 1\/2&#8243; &#8211; 12,5-1\/2B &#8211; NV12GASF"},"content":{"rendered":"<p>Cijena bez PDV-a!<\/p>\n<table class=\"kh-1xzm1su\" data-intent=\"lists-product-attributes\" data-test-id=\"attributes-list\">\n<tbody class=\"kh-1ago99h\">\n<tr id=\"taShape_10\" class=\"kh-bwvum6\" data-test-id=\"attribute-row\">\n<th class=\"kh-8yt023\">Oblik<\/th>\n<td class=\"kh-1yk0fx9\">\n<div class=\"kh-pkx4zo\">Ravni &#8211; dvostrani priklju\u010dak<\/div>\n<\/td>\n<td class=\"kh-g31lgn\"><\/td>\n<\/tr>\n<tr id=\"taConnectionType_6\" class=\"kh-bwvum6\" data-test-id=\"attribute-row\">\n<th class=\"kh-8yt023\">Vrsta spoja br. 1<\/th>\n<td class=\"kh-1yk0fx9\">\n<div class=\"kh-pkx4zo\">Brza spojka<\/div>\n<\/td>\n<td class=\"kh-g31lgn\"><\/td>\n<\/tr>\n<tr id=\"taConnectionTypeMaleFemale\" class=\"kh-bwvum6\" data-test-id=\"attribute-row\">\n<th class=\"kh-8yt023\">Vrsta priklju\u010dka br. 1 &#8211; mu\u0161ki\/\u017eenski<\/th>\n<td class=\"kh-1yk0fx9\">\n<div class=\"kh-pkx4zo\">\u017eenski<\/div>\n<\/td>\n<td class=\"kh-g31lgn\"><\/td>\n<\/tr>\n<tr id=\"taConnectionDiameterMm\" class=\"kh-bwvum6\" data-test-id=\"attribute-row\">\n<th class=\"kh-8yt023\">Priklju\u010dak br. 1, promjer<\/th>\n<td class=\"kh-1yk0fx9\">\n<div class=\"kh-pkx4zo\">38\u00a0mm<\/div>\n<\/td>\n<td class=\"kh-g31lgn\"><\/td>\n<\/tr>\n<tr id=\"taSizeCode_4\" class=\"kh-bwvum6\" data-test-id=\"attribute-row\">\n<th class=\"kh-8yt023\">\u0160ifra veli\u010dine<\/th>\n<td class=\"kh-1yk0fx9\">\n<div class=\"kh-pkx4zo\">BG 3<\/div>\n<\/td>\n<td class=\"kh-g31lgn\"><\/td>\n<\/tr>\n<tr id=\"taBodySizeInch\" class=\"kh-bwvum6\" data-test-id=\"attribute-row\">\n<th class=\"kh-8yt023\">Velicina tijela<\/th>\n<td class=\"kh-1yk0fx9\">\n<div class=\"kh-pkx4zo\">1\/2\u00a0Inch<\/div>\n<\/td>\n<td class=\"kh-g31lgn\"><\/td>\n<\/tr>\n<tr id=\"taConnection2Type\" class=\"kh-bwvum6\" data-test-id=\"attribute-row\">\n<th class=\"kh-8yt023\">Priklju\u010dak br. 2, vrsta<\/th>\n<td class=\"kh-1yk0fx9\">\n<div class=\"kh-pkx4zo\">Navojni<\/div>\n<\/td>\n<td class=\"kh-g31lgn\"><\/td>\n<\/tr>\n<tr id=\"taConnection2TypeMaleFemale\" class=\"kh-bwvum6\" data-test-id=\"attribute-row\">\n<th class=\"kh-8yt023\">Vrsta priklju\u010dka br. 2 &#8211; mu\u0161ki\/\u017eenski<\/th>\n<td class=\"kh-1yk0fx9\">\n<div class=\"kh-pkx4zo\">\u017eenski<\/div>\n<\/td>\n<td class=\"kh-g31lgn\"><\/td>\n<\/tr>\n<tr id=\"taConnection2ThreadDiameterInch\" class=\"kh-bwvum6\" data-test-id=\"attribute-row\">\n<th class=\"kh-8yt023\">Priklju\u010dak 2, promjer navoja<\/th>\n<td class=\"kh-1yk0fx9\">\n<div class=\"kh-pkx4zo\">1\/2\u00a0Inch<\/div>\n<\/td>\n<td class=\"kh-g31lgn\"><\/td>\n<\/tr>\n<tr id=\"taConnection2ThreadsPerInch\" class=\"kh-bwvum6\" data-test-id=\"attribute-row\">\n<th class=\"kh-8yt023\">Priklju\u010dak br. 2, navoja po in\u010du<\/th>\n<td class=\"kh-1yk0fx9\">\n<div class=\"kh-pkx4zo\">14<\/div>\n<\/td>\n<td class=\"kh-g31lgn\"><\/td>\n<\/tr>\n<tr id=\"taConnection2ThreadType\" class=\"kh-bwvum6\" data-test-id=\"attribute-row\">\n<th class=\"kh-8yt023\">Vrsta spoja br.2 &#8211; tip navoja<\/th>\n<td class=\"kh-1yk0fx9\">\n<div class=\"kh-pkx4zo\">Colni<\/div>\n<\/td>\n<td class=\"kh-g31lgn\"><\/td>\n<\/tr>\n<tr id=\"taConnectableUnderPressure_\" class=\"kh-bwvum6\" data-test-id=\"attribute-row\">\n<th class=\"kh-8yt023\">Mogu\u0107e priklju\u010diti dok je pod pritiskom<\/th>\n<td class=\"kh-1yk0fx9\">\n<div class=\"kh-pkx4zo\">Ne<\/div>\n<\/td>\n<td class=\"kh-g31lgn\"><\/td>\n<\/tr>\n<tr id=\"taISOStandard_\" class=\"kh-bwvum6\" data-test-id=\"attribute-row\">\n<th class=\"kh-8yt023\">ISO standard<\/th>\n<td class=\"kh-1yk0fx9\">\n<div class=\"kh-pkx4zo\">7241-A<\/div>\n<\/td>\n<td class=\"kh-g31lgn\"><\/td>\n<\/tr>\n<tr id=\"taFlowRateAt2BarLMin_\" class=\"kh-bwvum6\" data-test-id=\"attribute-row\">\n<th class=\"kh-8yt023\">Protok pri 2 bara<\/th>\n<td class=\"kh-1yk0fx9\">\n<div class=\"kh-pkx4zo\">75\u00a0l\/min<\/div>\n<\/td>\n<td class=\"kh-g31lgn\"><\/td>\n<\/tr>\n<tr id=\"taOutsideDiameterMm_34\" class=\"kh-bwvum6\" data-test-id=\"attribute-row\">\n<th class=\"kh-8yt023\">Vanjski promjer<\/th>\n<td class=\"kh-1yk0fx9\">\n<div class=\"kh-pkx4zo\">38\u00a0mm<\/div>\n<\/td>\n<td class=\"kh-g31lgn\"><\/td>\n<\/tr>\n<tr id=\"taTotalLengthMm_10\" class=\"kh-bwvum6\" data-test-id=\"attribute-row\">\n<th class=\"kh-8yt023\"><span class=\"kh-rp0pq4\">B<\/span>Ukupna du\u017eina<\/th>\n<td class=\"kh-1yk0fx9\">\n<div class=\"kh-pkx4zo\">66\u00a0mm<\/div>\n<\/td>\n<td class=\"kh-g31lgn\"><\/td>\n<\/tr>\n<tr id=\"taMaterial_53\" class=\"kh-bwvum6\" data-test-id=\"attribute-row\">\n<th class=\"kh-8yt023\">Materijal<\/th>\n<td class=\"kh-1yk0fx9\">\n<div class=\"kh-pkx4zo\">\u010celik<\/div>\n<\/td>\n<td class=\"kh-g31lgn\"><\/td>\n<\/tr>\n<tr id=\"taSurfaceTreatment_8\" class=\"kh-bwvum6\" data-test-id=\"attribute-row\">\n<th class=\"kh-8yt023\">Povr\u0161inska obrada<\/th>\n<td class=\"kh-1yk0fx9\">\n<div class=\"kh-pkx4zo\">Bijelo pocin\u010dan<\/div>\n<\/td>\n<td class=\"kh-g31lgn\"><\/td>\n<\/tr>\n<tr id=\"taWorkingPressureBar_\" class=\"kh-bwvum6\" data-test-id=\"attribute-row\">\n<th class=\"kh-8yt023\">Radni tlak<\/th>\n<td class=\"kh-1yk0fx9\">\n<div class=\"kh-pkx4zo\">300\u00a0BAR<\/div>\n<\/td>\n<td class=\"kh-g31lgn\"><\/td>\n<\/tr>\n<tr id=\"taMaxWorkingTemperatureCelDegr\" class=\"kh-bwvum6\" data-test-id=\"attribute-row\">\n<th class=\"kh-8yt023\">Maksimalna radna temperatura<\/th>\n<td class=\"kh-1yk0fx9\">\n<div class=\"kh-pkx4zo\">125\u00a0\u00b0C<\/div>\n<\/td>\n<td class=\"kh-g31lgn\"><\/td>\n<\/tr>\n<tr id=\"taMinWorkingTemperatureCelDegr\" class=\"kh-bwvum6\" data-test-id=\"attribute-row\">\n<th class=\"kh-8yt023\">Minimalna radna temperatura<\/th>\n<td class=\"kh-1yk0fx9\">\n<div class=\"kh-pkx4zo\">-25\u00a0\u00b0C<\/div>\n<\/td>\n<td class=\"kh-g31lgn\"><\/td>\n<\/tr>\n<tr id=\"taSealMaterial_\" class=\"kh-bwvum6\" data-test-id=\"attribute-row\">\n<th class=\"kh-8yt023\">Materijal brtvi<\/th>\n<td class=\"kh-1yk0fx9\">\n<ul>\n<li class=\"kh-16zd49f\">Nitrilna guma [NBR]<\/li>\n<li class=\"kh-16zd49f\">Teflon (PTFE)<\/li>\n<\/ul>\n<\/td>\n<\/tr>\n<\/tbody>\n<\/table>\n","protected":false},"excerpt":{"rendered":"<p>Cijena bez PDV-a! Oblik Ravni &#8211; dvostrani priklju\u010dak Vrsta spoja br. 1 Brza spojka Vrsta priklju\u010dka br. 1 &#8211; mu\u0161ki\/\u017eenski \u017eenski Priklju\u010dak br. 1, promjer 38\u00a0mm \u0160ifra veli\u010dine BG 3 Velicina tijela 1\/2\u00a0Inch Priklju\u010dak br. 2, vrsta Navojni Vrsta priklju\u010dka br. 2 &#8211; mu\u0161ki\/\u017eenski \u017eenski Priklju\u010dak 2, promjer navoja 1\/2\u00a0Inch Priklju\u010dak br. 2, navoja po [&hellip;]<\/p>\n","protected":false},"featured_media":10921,"comment_status":"open","ping_status":"closed","template":"","meta":{"_acf_changed":false},"product_brand":[],"product_cat":[40],"product_tag":[],"class_list":{"0":"post-10919","1":"product","2":"type-product","3":"status-publish","4":"has-post-thumbnail","6":"product_cat-hidraulika","7":"product_shipping_class-dostava-paketa-do-2kg","9":"first","10":"instock","11":"taxable","12":"shipping-taxable","13":"purchasable","14":"product-type-simple"},"acf":[],"_links":{"self":[{"href":"https:\/\/kralj-km.hr\/Webshop\/wp-json\/wp\/v2\/product\/10919","targetHints":{"allow":["GET"]}}],"collection":[{"href":"https:\/\/kralj-km.hr\/Webshop\/wp-json\/wp\/v2\/product"}],"about":[{"href":"https:\/\/kralj-km.hr\/Webshop\/wp-json\/wp\/v2\/types\/product"}],"replies":[{"embeddable":true,"href":"https:\/\/kralj-km.hr\/Webshop\/wp-json\/wp\/v2\/comments?post=10919"}],"wp:featuredmedia":[{"embeddable":true,"href":"https:\/\/kralj-km.hr\/Webshop\/wp-json\/wp\/v2\/media\/10921"}],"wp:attachment":[{"href":"https:\/\/kralj-km.hr\/Webshop\/wp-json\/wp\/v2\/media?parent=10919"}],"wp:term":[{"taxonomy":"product_brand","embeddable":true,"href":"https:\/\/kralj-km.hr\/Webshop\/wp-json\/wp\/v2\/product_brand?post=10919"},{"taxonomy":"product_cat","embeddable":true,"href":"https:\/\/kralj-km.hr\/Webshop\/wp-json\/wp\/v2\/product_cat?post=10919"},{"taxonomy":"product_tag","embeddable":true,"href":"https:\/\/kralj-km.hr\/Webshop\/wp-json\/wp\/v2\/product_tag?post=10919"}],"curies":[{"name":"wp","href":"https:\/\/api.w.org\/{rel}","templated":true}]}}