{"id":10903,"date":"2024-11-04T08:21:14","date_gmt":"2024-11-04T08:21:14","guid":{"rendered":"https:\/\/kralj-km.hr\/Webshop\/?post_type=product&#038;p=10903"},"modified":"2024-11-04T08:21:14","modified_gmt":"2024-11-04T08:21:14","slug":"zenska-spojnica-15l-skpf12l22n","status":"publish","type":"product","link":"https:\/\/kralj-km.hr\/Webshop\/product\/zenska-spojnica-15l-skpf12l22n\/","title":{"rendered":"\u017denska spojnica 15L &#8211; SKPF12L22N"},"content":{"rendered":"<p>Cijena bez PDV-a!<\/p>\n<table class=\"kh-1xzm1su\" data-intent=\"lists-product-attributes\" data-test-id=\"attributes-list\">\n<tbody class=\"kh-1ago99h\">\n<tr id=\"taConnectionTypeMaleFemale\" class=\"kh-bwvum6\" data-test-id=\"attribute-row\">\n<th class=\"kh-8yt023\">Vrsta priklju\u010dka br. 1 &#8211; mu\u0161ki\/\u017eenski<\/th>\n<td class=\"kh-1yk0fx9\">\n<div class=\"kh-pkx4zo\">Mu\u0161ki<\/div>\n<\/td>\n<td class=\"kh-g31lgn\"><\/td>\n<\/tr>\n<tr id=\"taSizeCode_4\" class=\"kh-bwvum6\" data-test-id=\"attribute-row\">\n<th class=\"kh-8yt023\">\u0160ifra veli\u010dine<\/th>\n<td class=\"kh-1yk0fx9\">\n<div class=\"kh-pkx4zo\">BG 3<\/div>\n<\/td>\n<td class=\"kh-g31lgn\"><\/td>\n<\/tr>\n<tr id=\"taBodySizeInch\" class=\"kh-bwvum6\" data-test-id=\"attribute-row\">\n<th class=\"kh-8yt023\">Velicina tijela<\/th>\n<td class=\"kh-1yk0fx9\">\n<div class=\"kh-pkx4zo\">1\/2\u00a0Inch<\/div>\n<\/td>\n<td class=\"kh-g31lgn\"><\/td>\n<\/tr>\n<tr id=\"taConnectableUnderPressure_\" class=\"kh-bwvum6\" data-test-id=\"attribute-row\">\n<th class=\"kh-8yt023\">Mogu\u0107e priklju\u010diti dok je pod pritiskom<\/th>\n<td class=\"kh-1yk0fx9\">\n<div class=\"kh-pkx4zo\">Ne<\/div>\n<\/td>\n<td class=\"kh-g31lgn\"><\/td>\n<\/tr>\n<tr id=\"taSurfaceTreatment_8\" class=\"kh-bwvum6\" data-test-id=\"attribute-row\">\n<th class=\"kh-8yt023\">Povr\u0161inska obrada<\/th>\n<td class=\"kh-1yk0fx9\">\n<div class=\"kh-pkx4zo\">Bijelo pocin\u010dan<\/div>\n<\/td>\n<td class=\"kh-g31lgn\"><\/td>\n<\/tr>\n<tr id=\"taMaxWorkingTemperatureCelDegr\" class=\"kh-bwvum6\" data-test-id=\"attribute-row\">\n<th class=\"kh-8yt023\">Maksimalna radna temperatura<\/th>\n<td class=\"kh-1yk0fx9\">\n<div class=\"kh-pkx4zo\">100\u00a0\u00b0C<\/div>\n<\/td>\n<td class=\"kh-g31lgn\"><\/td>\n<\/tr>\n<tr id=\"taMinWorkingTemperatureCelDegr\" class=\"kh-bwvum6\" data-test-id=\"attribute-row\">\n<th class=\"kh-8yt023\">Minimalna radna temperatura<\/th>\n<td class=\"kh-1yk0fx9\">\n<div class=\"kh-pkx4zo\">-30\u00a0\u00b0C<\/div>\n<\/td>\n<td class=\"kh-g31lgn\"><\/td>\n<\/tr>\n<tr id=\"taSealMaterial_\" class=\"kh-bwvum6\" data-test-id=\"attribute-row\">\n<th class=\"kh-8yt023\">Materijal brtvi<\/th>\n<td class=\"kh-1yk0fx9\">\n<ul>\n<li class=\"kh-16zd49f\">Nitrilna guma [NBR]<\/li>\n<li class=\"kh-16zd49f\">Teflon (PTFE)<\/li>\n<\/ul>\n<\/td>\n<\/tr>\n<\/tbody>\n<\/table>\n","protected":false},"excerpt":{"rendered":"<p>Cijena bez PDV-a! Vrsta priklju\u010dka br. 1 &#8211; mu\u0161ki\/\u017eenski Mu\u0161ki \u0160ifra veli\u010dine BG 3 Velicina tijela 1\/2\u00a0Inch Mogu\u0107e priklju\u010diti dok je pod pritiskom Ne Povr\u0161inska obrada Bijelo pocin\u010dan Maksimalna radna temperatura 100\u00a0\u00b0C Minimalna radna temperatura -30\u00a0\u00b0C Materijal brtvi Nitrilna guma [NBR] Teflon (PTFE)<\/p>\n","protected":false},"featured_media":10904,"comment_status":"open","ping_status":"closed","template":"","meta":{"_acf_changed":false},"product_brand":[],"product_cat":[40],"product_tag":[],"class_list":{"0":"post-10903","1":"product","2":"type-product","3":"status-publish","4":"has-post-thumbnail","6":"product_cat-hidraulika","7":"product_shipping_class-dostava-paketa-do-2kg","9":"first","10":"instock","11":"taxable","12":"shipping-taxable","13":"purchasable","14":"product-type-simple"},"acf":[],"_links":{"self":[{"href":"https:\/\/kralj-km.hr\/Webshop\/wp-json\/wp\/v2\/product\/10903","targetHints":{"allow":["GET"]}}],"collection":[{"href":"https:\/\/kralj-km.hr\/Webshop\/wp-json\/wp\/v2\/product"}],"about":[{"href":"https:\/\/kralj-km.hr\/Webshop\/wp-json\/wp\/v2\/types\/product"}],"replies":[{"embeddable":true,"href":"https:\/\/kralj-km.hr\/Webshop\/wp-json\/wp\/v2\/comments?post=10903"}],"wp:featuredmedia":[{"embeddable":true,"href":"https:\/\/kralj-km.hr\/Webshop\/wp-json\/wp\/v2\/media\/10904"}],"wp:attachment":[{"href":"https:\/\/kralj-km.hr\/Webshop\/wp-json\/wp\/v2\/media?parent=10903"}],"wp:term":[{"taxonomy":"product_brand","embeddable":true,"href":"https:\/\/kralj-km.hr\/Webshop\/wp-json\/wp\/v2\/product_brand?post=10903"},{"taxonomy":"product_cat","embeddable":true,"href":"https:\/\/kralj-km.hr\/Webshop\/wp-json\/wp\/v2\/product_cat?post=10903"},{"taxonomy":"product_tag","embeddable":true,"href":"https:\/\/kralj-km.hr\/Webshop\/wp-json\/wp\/v2\/product_tag?post=10903"}],"curies":[{"name":"wp","href":"https:\/\/api.w.org\/{rel}","templated":true}]}}