{"id":10883,"date":"2024-11-04T07:34:58","date_gmt":"2024-11-04T07:34:58","guid":{"rendered":"https:\/\/kralj-km.hr\/Webshop\/?post_type=product&#038;p=10883"},"modified":"2024-11-04T07:34:58","modified_gmt":"2024-11-04T07:34:58","slug":"cistac-felgi-roton-pro-700-ml-k2d1002","status":"publish","type":"product","link":"https:\/\/kralj-km.hr\/Webshop\/product\/cistac-felgi-roton-pro-700-ml-k2d1002\/","title":{"rendered":"\u010cista\u010d felgi Roton Pro, 700 ml &#8211; K2D1002"},"content":{"rendered":"<p>Cijena bez PDV-a!<\/p>\n<p>\u010cista\u010d felgi ROTON 700ml K2<br \/>\nK2 ROTON spektakularno prodire i uklanja bilo kakvu tvrdokornu prljav\u0161tinu, uklju\u010duju\u0107i mulj s ko\u010dionih jastu\u010di\u0107a i neravnu cestu. U vrijeme otapanja ne\u010disto\u0107e K2 ROTON postaje tamnocrvene boje, \u0161to daje dojam \u201ckota\u010da koji krvare\u201d, \u0161to zna\u010di da se pridru\u017eivanje zalijeva. Uklanja ne\u010disto\u0107u bez opasnosti od ogrebotina po povr\u0161ini. Siguran za sve vrste naplataka i kapa.<\/p>\n<p>&nbsp;<\/p>\n","protected":false},"excerpt":{"rendered":"<p>Cijena bez PDV-a! \u010cista\u010d felgi ROTON 700ml K2 K2 ROTON spektakularno prodire i uklanja bilo kakvu tvrdokornu prljav\u0161tinu, uklju\u010duju\u0107i mulj s ko\u010dionih jastu\u010di\u0107a i neravnu cestu. U vrijeme otapanja ne\u010disto\u0107e K2 ROTON postaje tamnocrvene boje, \u0161to daje dojam \u201ckota\u010da koji krvare\u201d, \u0161to zna\u010di da se pridru\u017eivanje zalijeva. Uklanja ne\u010disto\u0107u bez opasnosti od ogrebotina po povr\u0161ini. [&hellip;]<\/p>\n","protected":false},"featured_media":10884,"comment_status":"open","ping_status":"closed","template":"","meta":{"_acf_changed":false},"product_brand":[],"product_cat":[33],"product_tag":[],"class_list":{"0":"post-10883","1":"product","2":"type-product","3":"status-publish","4":"has-post-thumbnail","6":"product_cat-ulja","7":"product_shipping_class-dostava-paketa-do-2kg","9":"first","10":"instock","11":"taxable","12":"shipping-taxable","13":"purchasable","14":"product-type-simple"},"acf":[],"_links":{"self":[{"href":"https:\/\/kralj-km.hr\/Webshop\/wp-json\/wp\/v2\/product\/10883","targetHints":{"allow":["GET"]}}],"collection":[{"href":"https:\/\/kralj-km.hr\/Webshop\/wp-json\/wp\/v2\/product"}],"about":[{"href":"https:\/\/kralj-km.hr\/Webshop\/wp-json\/wp\/v2\/types\/product"}],"replies":[{"embeddable":true,"href":"https:\/\/kralj-km.hr\/Webshop\/wp-json\/wp\/v2\/comments?post=10883"}],"wp:featuredmedia":[{"embeddable":true,"href":"https:\/\/kralj-km.hr\/Webshop\/wp-json\/wp\/v2\/media\/10884"}],"wp:attachment":[{"href":"https:\/\/kralj-km.hr\/Webshop\/wp-json\/wp\/v2\/media?parent=10883"}],"wp:term":[{"taxonomy":"product_brand","embeddable":true,"href":"https:\/\/kralj-km.hr\/Webshop\/wp-json\/wp\/v2\/product_brand?post=10883"},{"taxonomy":"product_cat","embeddable":true,"href":"https:\/\/kralj-km.hr\/Webshop\/wp-json\/wp\/v2\/product_cat?post=10883"},{"taxonomy":"product_tag","embeddable":true,"href":"https:\/\/kralj-km.hr\/Webshop\/wp-json\/wp\/v2\/product_tag?post=10883"}],"curies":[{"name":"wp","href":"https:\/\/api.w.org\/{rel}","templated":true}]}}