{"id":10881,"date":"2024-11-04T07:32:48","date_gmt":"2024-11-04T07:32:48","guid":{"rendered":"https:\/\/kralj-km.hr\/Webshop\/?post_type=product&#038;p=10881"},"modified":"2024-11-04T07:32:48","modified_gmt":"2024-11-04T07:32:48","slug":"aditiv-za-adblue-100ml-co0091","status":"publish","type":"product","link":"https:\/\/kralj-km.hr\/Webshop\/product\/aditiv-za-adblue-100ml-co0091\/","title":{"rendered":"Aditiv za AdBlue, 100ml &#8211; CO0091"},"content":{"rendered":"<p>Cijena bez PDV-a!<\/p>\n<p>\u010cista\u010d AdBlue sustava 100ml CEROIL<br \/>\nDodatak za AdBlue teku\u0107inu \u010diji je zadatak sprje\u010davanje procesa stvaranja i talo\u017eenja mikrokristala uree na komponentama SCR sustava. Provjereno otapa postoje\u0107e i sprje\u010dava nastanak novih kristala.<\/p>\n<p>Posebno razvijena formula \u010disti prljave injektore uree i SCR katalizatore. Sprje\u010dava gubitak performansi i ostalih posljedi\u010dnih kvarova. Preporu\u010da se periodi\u010dno primjenjivati kao preventive kvarovima.<\/p>\n<p>Bo\u010dica 100mL je dovoljna za 50L AdBlua.<br \/>\nBo\u010dica 100mL mo\u017ee se uliti direktno u spremnik adblua u vozilu ili u kanister. Ako se ulijeva direktno u spremnik u vozilu, bitno je da se ulijeva u prazan spremnik, te da se nakon toga ulije adblue, kako bi se sredstvo pomije\u0161alo s adbluom. Ako se ulijeva u kanister bitno je kanister malo protresti kako bi se sredstvo pomije\u0161alo s adbluom.<\/p>\n","protected":false},"excerpt":{"rendered":"<p>Cijena bez PDV-a! \u010cista\u010d AdBlue sustava 100ml CEROIL Dodatak za AdBlue teku\u0107inu \u010diji je zadatak sprje\u010davanje procesa stvaranja i talo\u017eenja mikrokristala uree na komponentama SCR sustava. Provjereno otapa postoje\u0107e i sprje\u010dava nastanak novih kristala. Posebno razvijena formula \u010disti prljave injektore uree i SCR katalizatore. Sprje\u010dava gubitak performansi i ostalih posljedi\u010dnih kvarova. Preporu\u010da se periodi\u010dno primjenjivati [&hellip;]<\/p>\n","protected":false},"featured_media":10882,"comment_status":"open","ping_status":"closed","template":"","meta":{"_acf_changed":false},"product_brand":[],"product_cat":[33],"product_tag":[],"class_list":{"0":"post-10881","1":"product","2":"type-product","3":"status-publish","4":"has-post-thumbnail","6":"product_cat-ulja","7":"product_shipping_class-dostava-paketa-do-2kg","9":"first","10":"instock","11":"taxable","12":"shipping-taxable","13":"purchasable","14":"product-type-simple"},"acf":[],"_links":{"self":[{"href":"https:\/\/kralj-km.hr\/Webshop\/wp-json\/wp\/v2\/product\/10881","targetHints":{"allow":["GET"]}}],"collection":[{"href":"https:\/\/kralj-km.hr\/Webshop\/wp-json\/wp\/v2\/product"}],"about":[{"href":"https:\/\/kralj-km.hr\/Webshop\/wp-json\/wp\/v2\/types\/product"}],"replies":[{"embeddable":true,"href":"https:\/\/kralj-km.hr\/Webshop\/wp-json\/wp\/v2\/comments?post=10881"}],"wp:featuredmedia":[{"embeddable":true,"href":"https:\/\/kralj-km.hr\/Webshop\/wp-json\/wp\/v2\/media\/10882"}],"wp:attachment":[{"href":"https:\/\/kralj-km.hr\/Webshop\/wp-json\/wp\/v2\/media?parent=10881"}],"wp:term":[{"taxonomy":"product_brand","embeddable":true,"href":"https:\/\/kralj-km.hr\/Webshop\/wp-json\/wp\/v2\/product_brand?post=10881"},{"taxonomy":"product_cat","embeddable":true,"href":"https:\/\/kralj-km.hr\/Webshop\/wp-json\/wp\/v2\/product_cat?post=10881"},{"taxonomy":"product_tag","embeddable":true,"href":"https:\/\/kralj-km.hr\/Webshop\/wp-json\/wp\/v2\/product_tag?post=10881"}],"curies":[{"name":"wp","href":"https:\/\/api.w.org\/{rel}","templated":true}]}}