{"id":10801,"date":"2024-10-18T06:58:35","date_gmt":"2024-10-18T06:58:35","guid":{"rendered":"https:\/\/kralj-km.hr\/Webshop\/?post_type=product&#038;p=10801"},"modified":"2024-10-18T06:58:36","modified_gmt":"2024-10-18T06:58:36","slug":"semering-18x40x7-mm-18407cbp001","status":"publish","type":"product","link":"https:\/\/kralj-km.hr\/Webshop\/product\/semering-18x40x7-mm-18407cbp001\/","title":{"rendered":"Semering 18x40x7 mm &#8211; 18407CBP001"},"content":{"rendered":"<p>Cijena bez PDV-a!<\/p>\n<table class=\"kh-1xzm1su\" data-intent=\"lists-product-attributes\" data-test-id=\"attributes-list\">\n<tbody class=\"kh-1ago99h\">\n<tr id=\"taDINStandardRadialOilSeals\" class=\"kh-bwvum6\" data-test-id=\"attribute-row\">\n<th class=\"kh-8yt023\">Standard DIN<\/th>\n<td class=\"kh-1yk0fx9\">\n<div class=\"kh-pkx4zo\">3760<\/div>\n<\/td>\n<td class=\"kh-g31lgn\"><\/td>\n<\/tr>\n<tr id=\"taDustLip\" class=\"kh-bwvum6\" data-test-id=\"attribute-row\">\n<th class=\"kh-8yt023\">Brtveni rub protiv pra\u0161ine<\/th>\n<td class=\"kh-1yk0fx9\">\n<div class=\"kh-pkx4zo\">Ne<\/div>\n<\/td>\n<td class=\"kh-g31lgn\"><\/td>\n<\/tr>\n<tr id=\"taInsideDiameterMm_4\" class=\"kh-bwvum6\" data-test-id=\"attribute-row\">\n<th class=\"kh-8yt023\">Unutarnji promjer<\/th>\n<td class=\"kh-1yk0fx9\">\n<div class=\"kh-pkx4zo\">18\u00a0mm<\/div>\n<\/td>\n<td class=\"kh-g31lgn\"><\/td>\n<\/tr>\n<tr id=\"taLipMaterial\" class=\"kh-bwvum6\" data-test-id=\"attribute-row\">\n<th class=\"kh-8yt023\">Materijal brtvenog ruba<\/th>\n<td class=\"kh-1yk0fx9\">\n<div class=\"kh-pkx4zo\">Nitrilna guma [NBR]<\/div>\n<\/td>\n<td class=\"kh-g31lgn\"><\/td>\n<\/tr>\n<tr id=\"taManufacturerProductID_\" class=\"kh-bwvum6\" data-test-id=\"attribute-row\">\n<th class=\"kh-8yt023\">Manufacturer Product ID<\/th>\n<td class=\"kh-1yk0fx9\">\n<div class=\"kh-pkx4zo\">11545466<\/div>\n<\/td>\n<td class=\"kh-g31lgn\"><\/td>\n<\/tr>\n<tr id=\"taMaxShaftSpeedMs\" class=\"kh-bwvum6\" data-test-id=\"attribute-row\">\n<th class=\"kh-8yt023\">Maksimalna brzina osovine<\/th>\n<td class=\"kh-1yk0fx9\">\n<div class=\"kh-pkx4zo\">3\u00a0m\/s<\/div>\n<\/td>\n<td class=\"kh-g31lgn\"><\/td>\n<\/tr>\n<tr id=\"taMaxWorkingPressureBar_3\" class=\"kh-bwvum6\" data-test-id=\"attribute-row\">\n<th class=\"kh-8yt023\">Maksimalni radni pritisak<\/th>\n<td class=\"kh-1yk0fx9\">\n<div class=\"kh-pkx4zo\">0,5\u00a0BAR<\/div>\n<\/td>\n<td class=\"kh-g31lgn\"><\/td>\n<\/tr>\n<tr id=\"taMaxWorkingTemperatureCelDeg_2\" class=\"kh-bwvum6\" data-test-id=\"attribute-row\">\n<th class=\"kh-8yt023\">Maksimalna radna temperatura<\/th>\n<td class=\"kh-1yk0fx9\">\n<div class=\"kh-pkx4zo\">100\u00a0\u00b0C<\/div>\n<\/td>\n<td class=\"kh-g31lgn\"><\/td>\n<\/tr>\n<tr id=\"taMinWorkingTemperatureCelDeg_2\" class=\"kh-bwvum6\" data-test-id=\"attribute-row\">\n<th class=\"kh-8yt023\">Minimalna radna temperatura<\/th>\n<td class=\"kh-1yk0fx9\">\n<div class=\"kh-pkx4zo\">-35\u00a0\u00b0C<\/div>\n<\/td>\n<td class=\"kh-g31lgn\"><\/td>\n<\/tr>\n<tr id=\"taOutsideDiameterMm_3\" class=\"kh-bwvum6\" data-test-id=\"attribute-row\">\n<th class=\"kh-8yt023\">Vanjski promjer<\/th>\n<td class=\"kh-1yk0fx9\">\n<div class=\"kh-pkx4zo\">40\u00a0mm<\/div>\n<\/td>\n<td class=\"kh-g31lgn\"><\/td>\n<\/tr>\n<tr id=\"taSpringMaterial\" class=\"kh-bwvum6\" data-test-id=\"attribute-row\">\n<th class=\"kh-8yt023\">Materijal opruge<\/th>\n<td class=\"kh-1yk0fx9\">\n<div class=\"kh-pkx4zo\">Opru\u017eni \u010delik<\/div>\n<\/td>\n<td class=\"kh-g31lgn\"><\/td>\n<\/tr>\n<tr id=\"taType_2\" class=\"kh-bwvum6\" data-test-id=\"attribute-row\">\n<th class=\"kh-8yt023\">Vrsta<\/th>\n<td class=\"kh-1yk0fx9\">\n<div class=\"kh-pkx4zo\">CB<\/div>\n<\/td>\n<td class=\"kh-g31lgn\"><\/td>\n<\/tr>\n<tr id=\"taWidthMm_5\" class=\"kh-bwvum6\" data-test-id=\"attribute-row\">\n<th class=\"kh-8yt023\">\u0160irina<\/th>\n<td class=\"kh-1yk0fx9\">\n<div class=\"kh-pkx4zo\">7\u00a0mm<\/div>\n<\/td>\n<\/tr>\n<\/tbody>\n<\/table>\n","protected":false},"excerpt":{"rendered":"<p>Cijena bez PDV-a! Standard DIN 3760 Brtveni rub protiv pra\u0161ine Ne Unutarnji promjer 18\u00a0mm Materijal brtvenog ruba Nitrilna guma [NBR] Manufacturer Product ID 11545466 Maksimalna brzina osovine 3\u00a0m\/s Maksimalni radni pritisak 0,5\u00a0BAR Maksimalna radna temperatura 100\u00a0\u00b0C Minimalna radna temperatura -35\u00a0\u00b0C Vanjski promjer 40\u00a0mm Materijal opruge Opru\u017eni \u010delik Vrsta CB \u0160irina 7\u00a0mm<\/p>\n","protected":false},"featured_media":10802,"comment_status":"open","ping_status":"closed","template":"","meta":{"_acf_changed":false},"product_brand":[],"product_cat":[37],"product_tag":[],"class_list":{"0":"post-10801","1":"product","2":"type-product","3":"status-publish","4":"has-post-thumbnail","6":"product_cat-semering","7":"product_shipping_class-dostava-paketa-do-2kg","9":"first","10":"instock","11":"taxable","12":"shipping-taxable","13":"purchasable","14":"product-type-simple"},"acf":[],"_links":{"self":[{"href":"https:\/\/kralj-km.hr\/Webshop\/wp-json\/wp\/v2\/product\/10801","targetHints":{"allow":["GET"]}}],"collection":[{"href":"https:\/\/kralj-km.hr\/Webshop\/wp-json\/wp\/v2\/product"}],"about":[{"href":"https:\/\/kralj-km.hr\/Webshop\/wp-json\/wp\/v2\/types\/product"}],"replies":[{"embeddable":true,"href":"https:\/\/kralj-km.hr\/Webshop\/wp-json\/wp\/v2\/comments?post=10801"}],"wp:featuredmedia":[{"embeddable":true,"href":"https:\/\/kralj-km.hr\/Webshop\/wp-json\/wp\/v2\/media\/10802"}],"wp:attachment":[{"href":"https:\/\/kralj-km.hr\/Webshop\/wp-json\/wp\/v2\/media?parent=10801"}],"wp:term":[{"taxonomy":"product_brand","embeddable":true,"href":"https:\/\/kralj-km.hr\/Webshop\/wp-json\/wp\/v2\/product_brand?post=10801"},{"taxonomy":"product_cat","embeddable":true,"href":"https:\/\/kralj-km.hr\/Webshop\/wp-json\/wp\/v2\/product_cat?post=10801"},{"taxonomy":"product_tag","embeddable":true,"href":"https:\/\/kralj-km.hr\/Webshop\/wp-json\/wp\/v2\/product_tag?post=10801"}],"curies":[{"name":"wp","href":"https:\/\/api.w.org\/{rel}","templated":true}]}}