{"id":10667,"date":"2024-09-26T13:49:31","date_gmt":"2024-09-26T13:49:31","guid":{"rendered":"https:\/\/kralj-km.hr\/Webshop\/?post_type=product&#038;p=10667"},"modified":"2024-09-26T13:49:31","modified_gmt":"2024-09-26T13:49:31","slug":"blok-mazalice-clnb1m1010","status":"publish","type":"product","link":"https:\/\/kralj-km.hr\/Webshop\/product\/blok-mazalice-clnb1m1010\/","title":{"rendered":"Blok mazalice &#8211; CLNB1M1010"},"content":{"rendered":"<p>Cijena bez PDV-a!<\/p>\n<p>Promjer monta\u017ene rupe: 6,6 mm<br \/>\nPriklju\u010dak \u00d8: M10x1 mm<br \/>\nBroj veza: 1<br \/>\nSW1: 20,00 mm<\/p>\n","protected":false},"excerpt":{"rendered":"<p>Cijena bez PDV-a! Promjer monta\u017ene rupe: 6,6 mm Priklju\u010dak \u00d8: M10x1 mm Broj veza: 1 SW1: 20,00 mm<\/p>\n","protected":false},"featured_media":10668,"comment_status":"open","ping_status":"closed","template":"","meta":{"_acf_changed":false},"product_brand":[],"product_cat":[32],"product_tag":[],"class_list":{"0":"post-10667","1":"product","2":"type-product","3":"status-publish","4":"has-post-thumbnail","6":"product_cat-mazalice","8":"first","9":"instock","10":"taxable","11":"shipping-taxable","12":"purchasable","13":"product-type-simple"},"acf":[],"_links":{"self":[{"href":"https:\/\/kralj-km.hr\/Webshop\/wp-json\/wp\/v2\/product\/10667","targetHints":{"allow":["GET"]}}],"collection":[{"href":"https:\/\/kralj-km.hr\/Webshop\/wp-json\/wp\/v2\/product"}],"about":[{"href":"https:\/\/kralj-km.hr\/Webshop\/wp-json\/wp\/v2\/types\/product"}],"replies":[{"embeddable":true,"href":"https:\/\/kralj-km.hr\/Webshop\/wp-json\/wp\/v2\/comments?post=10667"}],"wp:featuredmedia":[{"embeddable":true,"href":"https:\/\/kralj-km.hr\/Webshop\/wp-json\/wp\/v2\/media\/10668"}],"wp:attachment":[{"href":"https:\/\/kralj-km.hr\/Webshop\/wp-json\/wp\/v2\/media?parent=10667"}],"wp:term":[{"taxonomy":"product_brand","embeddable":true,"href":"https:\/\/kralj-km.hr\/Webshop\/wp-json\/wp\/v2\/product_brand?post=10667"},{"taxonomy":"product_cat","embeddable":true,"href":"https:\/\/kralj-km.hr\/Webshop\/wp-json\/wp\/v2\/product_cat?post=10667"},{"taxonomy":"product_tag","embeddable":true,"href":"https:\/\/kralj-km.hr\/Webshop\/wp-json\/wp\/v2\/product_tag?post=10667"}],"curies":[{"name":"wp","href":"https:\/\/api.w.org\/{rel}","templated":true}]}}