{"id":10663,"date":"2024-09-26T13:45:27","date_gmt":"2024-09-26T13:45:27","guid":{"rendered":"https:\/\/kralj-km.hr\/Webshop\/?post_type=product&#038;p=10663"},"modified":"2024-09-26T13:45:27","modified_gmt":"2024-09-26T13:45:27","slug":"3-polni-utikac-251100jae","status":"publish","type":"product","link":"https:\/\/kralj-km.hr\/Webshop\/product\/3-polni-utikac-251100jae\/","title":{"rendered":"3-polni utika\u010d &#8211; 251100JAE"},"content":{"rendered":"<p>Cijena bez PDV-a!<\/p>\n<table class=\"kh-1xzm1su\" data-intent=\"lists-product-attributes\" data-test-id=\"attributes-list\">\n<tbody class=\"kh-1ago99h\">\n<tr id=\"taOperatingCurrentA\" class=\"kh-bwvum6\" data-test-id=\"attribute-row\">\n<th class=\"kh-8yt023\">Radna struja<\/th>\n<td class=\"kh-1yk0fx9\">\n<div class=\"kh-pkx4zo\">25\u00a0A<\/div>\n<\/td>\n<td class=\"kh-g31lgn\"><\/td>\n<\/tr>\n<tr id=\"taPinsNumberConnectNo1\" class=\"kh-bwvum6\" data-test-id=\"attribute-row\">\n<th class=\"kh-8yt023\">Broj polova<\/th>\n<td class=\"kh-1yk0fx9\">\n<div class=\"kh-pkx4zo\">3<\/div>\n<\/td>\n<td class=\"kh-g31lgn\"><\/td>\n<\/tr>\n<tr id=\"taSerie_5\" class=\"kh-bwvum6\" data-test-id=\"attribute-row\">\n<th class=\"kh-8yt023\">Serija<\/th>\n<td class=\"kh-1yk0fx9\">\n<div class=\"kh-pkx4zo\">HDP<\/div>\n<\/td>\n<td class=\"kh-g31lgn\"><\/td>\n<\/tr>\n<tr id=\"taCablePositionTypeConnectNo1\" class=\"kh-bwvum6\" data-test-id=\"attribute-row\">\n<th class=\"kh-8yt023\">Na\u010din pozicioniranja kabela &#8211; priklju\u010dak br. 1<\/th>\n<td class=\"kh-1yk0fx9\">\n<div class=\"kh-pkx4zo\">Ravni<\/div>\n<\/td>\n<td class=\"kh-g31lgn\"><\/td>\n<\/tr>\n<tr id=\"taNominalVoltageRangeV\" class=\"kh-bwvum6\" data-test-id=\"attribute-row\">\n<th class=\"kh-8yt023\">Nazivni raspon napona<\/th>\n<td class=\"kh-1yk0fx9\">\n<div class=\"kh-pkx4zo\">6-24\u00a0V<\/div>\n<\/td>\n<td class=\"kh-g31lgn\"><\/td>\n<\/tr>\n<tr id=\"taProtectionClassIP\" class=\"kh-bwvum6\" data-test-id=\"attribute-row\">\n<th class=\"kh-8yt023\">Klasa za\u0161tite IP<\/th>\n<td class=\"kh-1yk0fx9\">\n<ul>\n<li class=\"kh-16zd49f\">X4<\/li>\n<li class=\"kh-16zd49f\">54<\/li>\n<\/ul>\n<\/td>\n<td class=\"kh-g31lgn\"><\/td>\n<\/tr>\n<tr id=\"taType_30\" class=\"kh-bwvum6\" data-test-id=\"attribute-row\">\n<th class=\"kh-8yt023\">Vrsta<\/th>\n<td class=\"kh-1yk0fx9\">\n<div class=\"kh-pkx4zo\">Ravna stopica<\/div>\n<\/td>\n<td class=\"kh-g31lgn\"><\/td>\n<\/tr>\n<tr id=\"taMaleFemaleConnectNo1\" class=\"kh-bwvum6\" data-test-id=\"attribute-row\">\n<th class=\"kh-8yt023\">Vrsta priklju\u010dka mu\u0161ki\/\u017eenski &#8211; priklju\u010dak br. 1<\/th>\n<td class=\"kh-1yk0fx9\">\n<div class=\"kh-pkx4zo\">Mu\u0161ki<\/div>\n<\/td>\n<td class=\"kh-g31lgn\"><\/td>\n<\/tr>\n<tr id=\"taTypeConnectNo2\" class=\"kh-bwvum6\" data-test-id=\"attribute-row\">\n<th class=\"kh-8yt023\">Priklju\u010dak br. 2, vrsta priklju\u010dka<\/th>\n<td class=\"kh-1yk0fx9\">\n<div class=\"kh-pkx4zo\">3-pinski<\/div>\n<\/td>\n<td class=\"kh-g31lgn\"><\/td>\n<\/tr>\n<tr id=\"taTypeConnectNo3\" class=\"kh-bwvum6\" data-test-id=\"attribute-row\">\n<th class=\"kh-8yt023\">Priklju\u010dak 3, vrsta spoja<\/th>\n<td class=\"kh-1yk0fx9\">\n<div class=\"kh-pkx4zo\">3-pinski<\/div>\n<\/td>\n<td class=\"kh-g31lgn\"><\/td>\n<\/tr>\n<tr id=\"taDINStandardPlugsSockets\" class=\"kh-bwvum6\" data-test-id=\"attribute-row\">\n<th class=\"kh-8yt023\">Standard DIN<\/th>\n<td class=\"kh-1yk0fx9\">\n<div class=\"kh-pkx4zo\">9680<\/div>\n<\/td>\n<td class=\"kh-g31lgn\"><\/td>\n<\/tr>\n<tr id=\"taHousingMaterial_7\" class=\"kh-bwvum6\" data-test-id=\"attribute-row\">\n<th class=\"kh-8yt023\">Materijal ku\u0107i\u0161ta<\/th>\n<td class=\"kh-1yk0fx9\">\n<div class=\"kh-pkx4zo\">Kompozitni materijal<\/div>\n<\/td>\n<td class=\"kh-g31lgn\"><\/td>\n<\/tr>\n<tr id=\"taElectricCategory\" class=\"kh-bwvum6\" data-test-id=\"attribute-row\">\n<th class=\"kh-8yt023\">Elektri\u010dna kategorija<\/th>\n<td class=\"kh-1yk0fx9\">\n<div class=\"kh-pkx4zo\">Napajanje<\/div>\n<\/td>\n<\/tr>\n<\/tbody>\n<\/table>\n","protected":false},"excerpt":{"rendered":"<p>Cijena bez PDV-a! Radna struja 25\u00a0A Broj polova 3 Serija HDP Na\u010din pozicioniranja kabela &#8211; priklju\u010dak br. 1 Ravni Nazivni raspon napona 6-24\u00a0V Klasa za\u0161tite IP X4 54 Vrsta Ravna stopica Vrsta priklju\u010dka mu\u0161ki\/\u017eenski &#8211; priklju\u010dak br. 1 Mu\u0161ki Priklju\u010dak br. 2, vrsta priklju\u010dka 3-pinski Priklju\u010dak 3, vrsta spoja 3-pinski Standard DIN 9680 Materijal ku\u0107i\u0161ta [&hellip;]<\/p>\n","protected":false},"featured_media":10664,"comment_status":"open","ping_status":"closed","template":"","meta":{"_acf_changed":false},"product_brand":[],"product_cat":[120,90],"product_tag":[],"class_list":{"0":"post-10663","1":"product","2":"type-product","3":"status-publish","4":"has-post-thumbnail","6":"product_cat-elektrika","7":"product_cat-traktorski-dijelovi","8":"product_shipping_class-dostava-paketa-do-2kg","10":"first","11":"instock","12":"taxable","13":"shipping-taxable","14":"purchasable","15":"product-type-simple"},"acf":[],"_links":{"self":[{"href":"https:\/\/kralj-km.hr\/Webshop\/wp-json\/wp\/v2\/product\/10663","targetHints":{"allow":["GET"]}}],"collection":[{"href":"https:\/\/kralj-km.hr\/Webshop\/wp-json\/wp\/v2\/product"}],"about":[{"href":"https:\/\/kralj-km.hr\/Webshop\/wp-json\/wp\/v2\/types\/product"}],"replies":[{"embeddable":true,"href":"https:\/\/kralj-km.hr\/Webshop\/wp-json\/wp\/v2\/comments?post=10663"}],"wp:featuredmedia":[{"embeddable":true,"href":"https:\/\/kralj-km.hr\/Webshop\/wp-json\/wp\/v2\/media\/10664"}],"wp:attachment":[{"href":"https:\/\/kralj-km.hr\/Webshop\/wp-json\/wp\/v2\/media?parent=10663"}],"wp:term":[{"taxonomy":"product_brand","embeddable":true,"href":"https:\/\/kralj-km.hr\/Webshop\/wp-json\/wp\/v2\/product_brand?post=10663"},{"taxonomy":"product_cat","embeddable":true,"href":"https:\/\/kralj-km.hr\/Webshop\/wp-json\/wp\/v2\/product_cat?post=10663"},{"taxonomy":"product_tag","embeddable":true,"href":"https:\/\/kralj-km.hr\/Webshop\/wp-json\/wp\/v2\/product_tag?post=10663"}],"curies":[{"name":"wp","href":"https:\/\/api.w.org\/{rel}","templated":true}]}}