{"id":10451,"date":"2024-08-29T13:23:04","date_gmt":"2024-08-29T13:23:04","guid":{"rendered":"https:\/\/kralj-km.hr\/Webshop\/?post_type=product&#038;p=10451"},"modified":"2024-09-14T06:42:11","modified_gmt":"2024-09-14T06:42:11","slug":"amortizer-za-vrata-d245-126-mm-350-n-vpm1757","status":"publish","type":"product","link":"https:\/\/kralj-km.hr\/Webshop\/product\/amortizer-za-vrata-d245-126-mm-350-n-vpm1757\/","title":{"rendered":"Amortizer za vrata, D=245\/126 mm, 350 N &#8211; VPM1757"},"content":{"rendered":"<p>Cijena bez PDV-a!<\/p>\n<table class=\"kh-1xzm1su\" data-intent=\"lists-product-attributes\" data-test-id=\"attributes-list\">\n<tbody class=\"kh-1ago99h\">\n<tr id=\"taWorkingForceN\" class=\"kh-bwvum6\" data-test-id=\"attribute-row\">\n<th class=\"kh-8yt023\">Radna snaga<\/th>\n<td class=\"kh-1yk0fx9\">\n<div class=\"kh-pkx4zo\">350\u00a0N<\/div>\n<\/td>\n<td class=\"kh-g31lgn\"><\/td>\n<\/tr>\n<tr id=\"taTotalLengthMm_3\" class=\"kh-bwvum6\" data-test-id=\"attribute-row\">\n<th class=\"kh-8yt023\">Ukupna du\u017eina<\/th>\n<td class=\"kh-1yk0fx9\">\n<ul>\n<li class=\"kh-16zd49f\">245\u00a0mm<\/li>\n<li class=\"kh-16zd49f\">126\u00a0mm<\/li>\n<\/ul>\n<\/td>\n<td class=\"kh-g31lgn\"><\/td>\n<\/tr>\n<tr id=\"taRodStrokeMm_\" class=\"kh-bwvum6\" data-test-id=\"attribute-row\">\n<th class=\"kh-8yt023\">Hod klipa<\/th>\n<td class=\"kh-1yk0fx9\">\n<div class=\"kh-pkx4zo\">73\u00a0mm<\/div>\n<\/td>\n<td class=\"kh-g31lgn\"><\/td>\n<\/tr>\n<tr id=\"taRodDiameterMm_\" class=\"kh-bwvum6\" data-test-id=\"attribute-row\">\n<th class=\"kh-8yt023\">Promjer klipnja\u010de<\/th>\n<td class=\"kh-1yk0fx9\">\n<div class=\"kh-pkx4zo\">8\u00a0mm<\/div>\n<\/td>\n<td class=\"kh-g31lgn\"><\/td>\n<\/tr>\n<tr id=\"taCylinderDiameterMm_\" class=\"kh-bwvum6\" data-test-id=\"attribute-row\">\n<th class=\"kh-8yt023\">Promjer cilindra<\/th>\n<td class=\"kh-1yk0fx9\">\n<div class=\"kh-pkx4zo\">18\u00a0mm<\/div>\n<\/td>\n<td class=\"kh-g31lgn\"><\/td>\n<\/tr>\n<tr id=\"taMountingTypeRodConnectionMm\" class=\"kh-bwvum6\" data-test-id=\"attribute-row\">\n<th class=\"kh-8yt023\">Vrsta monta\u017ee &#8211; priklju\u010dak na strani \u0161ipke<\/th>\n<td class=\"kh-1yk0fx9\">\n<div class=\"kh-pkx4zo\">Kugla<\/div>\n<\/td>\n<td class=\"kh-g31lgn\"><\/td>\n<\/tr>\n<tr id=\"taMountingTypeCylinderConnectionMm\" class=\"kh-bwvum6\" data-test-id=\"attribute-row\">\n<th class=\"kh-8yt023\">Vrsta monta\u017ee &#8211; priklju\u010dak na bo\u010dnoj strani cilindra<\/th>\n<td class=\"kh-1yk0fx9\">\n<div class=\"kh-pkx4zo\">Kugla<\/div>\n<\/td>\n<td class=\"kh-g31lgn\"><\/td>\n<\/tr>\n<tr id=\"taMaterial_24\" class=\"kh-bwvum6\" data-test-id=\"attribute-row\">\n<th class=\"kh-8yt023\">Materijal<\/th>\n<td class=\"kh-1yk0fx9\">\n<div class=\"kh-pkx4zo\">Metalni<\/div>\n<\/td>\n<td class=\"kh-g31lgn\"><\/td>\n<\/tr>\n<tr id=\"taTypeCode_4\" class=\"kh-bwvum6\" data-test-id=\"attribute-row\">\n<th class=\"kh-8yt023\">Tip<\/th>\n<td class=\"kh-1yk0fx9\">\n<div class=\"kh-pkx4zo\">D<\/div>\n<\/td>\n<td class=\"kh-g31lgn\"><\/td>\n<\/tr>\n<tr id=\"taSuitableForMachineBrand\" class=\"kh-bwvum6\" data-test-id=\"attribute-row\">\n<th class=\"kh-8yt023\">Pogodno za marku stroja\/vozila<\/th>\n<td class=\"kh-1yk0fx9\">\n<ul>\n<li class=\"kh-16zd49f\">Claas<\/li>\n<li class=\"kh-16zd49f\">John Deere<\/li>\n<\/ul>\n<\/td>\n<td class=\"kh-g31lgn\"><\/td>\n<\/tr>\n<tr id=\"taAmountPerPackageQuantity\" class=\"kh-bwvum6\" data-test-id=\"attribute-row\">\n<th class=\"kh-8yt023\">Koli\u010dina u prodajnoj jedinici<\/th>\n<td class=\"kh-1yk0fx9\">\n<div class=\"kh-pkx4zo\">1\u00a0pcs<\/div>\n<\/td>\n<\/tr>\n<\/tbody>\n<\/table>\n","protected":false},"excerpt":{"rendered":"<p>Cijena bez PDV-a! Radna snaga 350\u00a0N Ukupna du\u017eina 245\u00a0mm 126\u00a0mm Hod klipa 73\u00a0mm Promjer klipnja\u010de 8\u00a0mm Promjer cilindra 18\u00a0mm Vrsta monta\u017ee &#8211; priklju\u010dak na strani \u0161ipke Kugla Vrsta monta\u017ee &#8211; priklju\u010dak na bo\u010dnoj strani cilindra Kugla Materijal Metalni Tip D Pogodno za marku stroja\/vozila Claas John Deere Koli\u010dina u prodajnoj jedinici 1\u00a0pcs<\/p>\n","protected":false},"featured_media":10452,"comment_status":"open","ping_status":"closed","template":"","meta":{"_acf_changed":false},"product_brand":[],"product_cat":[121,90],"product_tag":[],"class_list":{"0":"post-10451","1":"product","2":"type-product","3":"status-publish","4":"has-post-thumbnail","6":"product_cat-kabina","7":"product_cat-traktorski-dijelovi","8":"product_shipping_class-dostava-paketa-do-2kg","10":"first","11":"instock","12":"taxable","13":"shipping-taxable","14":"purchasable","15":"product-type-simple"},"acf":[],"_links":{"self":[{"href":"https:\/\/kralj-km.hr\/Webshop\/wp-json\/wp\/v2\/product\/10451","targetHints":{"allow":["GET"]}}],"collection":[{"href":"https:\/\/kralj-km.hr\/Webshop\/wp-json\/wp\/v2\/product"}],"about":[{"href":"https:\/\/kralj-km.hr\/Webshop\/wp-json\/wp\/v2\/types\/product"}],"replies":[{"embeddable":true,"href":"https:\/\/kralj-km.hr\/Webshop\/wp-json\/wp\/v2\/comments?post=10451"}],"wp:featuredmedia":[{"embeddable":true,"href":"https:\/\/kralj-km.hr\/Webshop\/wp-json\/wp\/v2\/media\/10452"}],"wp:attachment":[{"href":"https:\/\/kralj-km.hr\/Webshop\/wp-json\/wp\/v2\/media?parent=10451"}],"wp:term":[{"taxonomy":"product_brand","embeddable":true,"href":"https:\/\/kralj-km.hr\/Webshop\/wp-json\/wp\/v2\/product_brand?post=10451"},{"taxonomy":"product_cat","embeddable":true,"href":"https:\/\/kralj-km.hr\/Webshop\/wp-json\/wp\/v2\/product_cat?post=10451"},{"taxonomy":"product_tag","embeddable":true,"href":"https:\/\/kralj-km.hr\/Webshop\/wp-json\/wp\/v2\/product_tag?post=10451"}],"curies":[{"name":"wp","href":"https:\/\/api.w.org\/{rel}","templated":true}]}}