{"id":10007,"date":"2024-08-14T11:56:09","date_gmt":"2024-08-14T11:56:09","guid":{"rendered":"https:\/\/kralj-km.hr\/Webshop\/?post_type=product&#038;p=10007"},"modified":"2026-03-26T07:32:05","modified_gmt":"2026-03-26T07:32:05","slug":"ina-super-turbo-sae-15w-40-10-1","status":"publish","type":"product","link":"https:\/\/kralj-km.hr\/Webshop\/product\/ina-super-turbo-sae-15w-40-10-1\/","title":{"rendered":"INA Super Turbo, SAE 15W-40, 10\/1"},"content":{"rendered":"<p>Cijena bez PDV-a!<\/p>\n<p>INA Super Turbo, SAE 15W-40 je visoko kvalitetno motorno ulje formulirano za pru\u017eanje izvrsne za\u0161tite i performansi u \u0161irokom rasponu dizelskih i benzinskih motora. Ovo ulje je posebno dizajnirano za upotrebu u te\u0161kim radnim uvjetima, uklju\u010duju\u0107i te\u0161ke kamione, poljoprivrednu i gra\u0111evinsku mehanizaciju, te osobna vozila.<\/p>\n<p>**Glavne karakteristike INA Super Turbo, SAE 15W-40:**<\/p>\n<p>1. **Izvrsna Za\u0161tita od Habanja:** Pru\u017ea u\u010dinkovitu za\u0161titu motora od habanja, smanjuju\u0107i tro\u0161enje klju\u010dnih komponenti i produ\u017euju\u0107i vijek trajanja motora.<\/p>\n<p>2. **Termi\u010dka Stabilnost:** Ulje ima visoku otpornost na visoke temperature i oksidaciju, \u0161to sprje\u010dava stvaranje taloga i naslaga na unutarnjim dijelovima motora, \u010dime osigurava dugotrajnu \u010disto\u0107u i u\u010dinkovitost motora.<\/p>\n<p>3. **Deterd\u017eentna i Disperzantna Svojstva:** Sposobno je odr\u017eati motor \u010distim i sprije\u010diti stvaranje naslaga i taloga, poma\u017eu\u0107i u odr\u017eavanju optimalnih performansi motora.<\/p>\n<p>4. **Pobolj\u0161ana Startna Svojstva:** Omogu\u0107uje lak\u0161e pokretanje motora u hladnim uvjetima zahvaljuju\u0107i svojoj viskoznosti od 15W, \u0161to pobolj\u0161ava cirkulaciju ulja pri niskim temperaturama.<\/p>\n<p>5. **Stabilnost Viskoznosti:** Odr\u017eava stabilnu viskoznost u razli\u010ditim radnim uvjetima, \u0161to omogu\u0107uje dosljednu za\u0161titu i pouzdane performanse motora.<\/p>\n<p>**Primjena:**<br \/>\nINA Super Turbo, SAE 15W-40 je namijenjeno za \u0161irok spektar motora u razli\u010ditim vrstama vozila i opreme, uklju\u010duju\u0107i te\u0161ke kamione, autobuse, traktore, gra\u0111evinske strojeve i osobna vozila. Idealno je za motore koji rade pod visokim optere\u0107enjem i u zahtjevnim radnim uvjetima.<\/p>\n<p>Kori\u0161tenjem INA Super Turbo, SAE 15W-40, korisnici mogu o\u010dekivati dugotrajnu za\u0161titu motora, smanjene tro\u0161kove odr\u017eavanja i pouzdane performanse, \u0161to doprinosi pove\u0107anju produktivnosti i dugovje\u010dnosti motora.<\/p>\n","protected":false},"excerpt":{"rendered":"<p>Cijena bez PDV-a! INA Super Turbo, SAE 15W-40 je visoko kvalitetno motorno ulje formulirano za pru\u017eanje izvrsne za\u0161tite i performansi u \u0161irokom rasponu dizelskih i benzinskih motora. Ovo ulje je posebno dizajnirano za upotrebu u te\u0161kim radnim uvjetima, uklju\u010duju\u0107i te\u0161ke kamione, poljoprivrednu i gra\u0111evinsku mehanizaciju, te osobna vozila. **Glavne karakteristike INA Super Turbo, SAE 15W-40:** [&hellip;]<\/p>\n","protected":false},"featured_media":10008,"comment_status":"open","ping_status":"closed","template":"","meta":{"_acf_changed":false},"product_brand":[],"product_cat":[33],"product_tag":[],"class_list":{"0":"post-10007","1":"product","2":"type-product","3":"status-publish","4":"has-post-thumbnail","6":"product_cat-ulja","7":"product_shipping_class-dostava-paketa-5-10kg","9":"first","10":"instock","11":"taxable","12":"shipping-taxable","13":"purchasable","14":"product-type-simple"},"acf":[],"_links":{"self":[{"href":"https:\/\/kralj-km.hr\/Webshop\/wp-json\/wp\/v2\/product\/10007","targetHints":{"allow":["GET"]}}],"collection":[{"href":"https:\/\/kralj-km.hr\/Webshop\/wp-json\/wp\/v2\/product"}],"about":[{"href":"https:\/\/kralj-km.hr\/Webshop\/wp-json\/wp\/v2\/types\/product"}],"replies":[{"embeddable":true,"href":"https:\/\/kralj-km.hr\/Webshop\/wp-json\/wp\/v2\/comments?post=10007"}],"wp:featuredmedia":[{"embeddable":true,"href":"https:\/\/kralj-km.hr\/Webshop\/wp-json\/wp\/v2\/media\/10008"}],"wp:attachment":[{"href":"https:\/\/kralj-km.hr\/Webshop\/wp-json\/wp\/v2\/media?parent=10007"}],"wp:term":[{"taxonomy":"product_brand","embeddable":true,"href":"https:\/\/kralj-km.hr\/Webshop\/wp-json\/wp\/v2\/product_brand?post=10007"},{"taxonomy":"product_cat","embeddable":true,"href":"https:\/\/kralj-km.hr\/Webshop\/wp-json\/wp\/v2\/product_cat?post=10007"},{"taxonomy":"product_tag","embeddable":true,"href":"https:\/\/kralj-km.hr\/Webshop\/wp-json\/wp\/v2\/product_tag?post=10007"}],"curies":[{"name":"wp","href":"https:\/\/api.w.org\/{rel}","templated":true}]}}