{"id":9528,"date":"2024-08-08T19:31:34","date_gmt":"2024-08-08T19:31:34","guid":{"rendered":"https:\/\/kralj-km.hr\/Webshop\/?page_id=9528"},"modified":"2024-08-18T12:15:12","modified_gmt":"2024-08-18T12:15:12","slug":"politika-privatnosti","status":"publish","type":"page","link":"https:\/\/kralj-km.hr\/Webshop\/politika-privatnosti\/","title":{"rendered":"Politika privatnosti"},"content":{"rendered":"\t\t<div data-elementor-type=\"wp-page\" data-elementor-id=\"9528\" class=\"elementor elementor-9528\" data-elementor-post-type=\"page\">\n\t\t\t\t<div class=\"elementor-element elementor-element-def6613 e-flex e-con-boxed e-con e-parent\" data-id=\"def6613\" data-element_type=\"container\">\n\t\t\t\t\t<div class=\"e-con-inner\">\n\t\t\t\t<div class=\"elementor-element elementor-element-c9d7c90 elementor-invisible elementor-widget elementor-widget-heading\" data-id=\"c9d7c90\" data-element_type=\"widget\" data-settings=\"{&quot;_animation&quot;:&quot;fadeInUp&quot;}\" data-widget_type=\"heading.default\">\n\t\t\t\t<div class=\"elementor-widget-container\">\n\t\t\t\t\t<h2 class=\"elementor-heading-title elementor-size-default\">Politika privatnosti<\/h2>\t\t\t\t<\/div>\n\t\t\t\t<\/div>\n\t\t\t\t<div class=\"elementor-element elementor-element-da1f4f5 elementor-invisible elementor-widget elementor-widget-text-editor\" data-id=\"da1f4f5\" data-element_type=\"widget\" data-settings=\"{&quot;_animation&quot;:&quot;fadeIn&quot;}\" data-widget_type=\"text-editor.default\">\n\t\t\t\t<div class=\"elementor-widget-container\">\n\t\t\t\t\t\t\t\t\t<p><strong>Za\u0161tita Va\u0161ih osobnih podataka<\/strong><\/p><p>Tvrtka Kralj K&amp;M d.o.o. posve\u0107ena je za\u0161titi privatnosti svih na\u0161ih kupaca. Prikupljamo samo osnovne podatke potrebne za obradu narud\u017ebi i informiranje o novim proizvodima i akcijama. Podaci se \u010duvaju sigurnima i koriste isklju\u010divo u navedene svrhe.<\/p><p><strong>Koje podatke prikupljamo?<\/strong><\/p><ul><li>Ime i prezime<\/li><li>Adresa<\/li><li>OIB tvrtke<\/li><li>Naziv tvrtke<\/li><li>E-mail adresa<\/li><li>Broj telefona<\/li><li>Podaci o pla\u0107anju<\/li><\/ul><div>\u00a0<\/div><p><strong>Kori\u0161tenje podataka<\/strong><\/p><p>Prikupljene podatke koristimo za:<\/p><ul><li>Obradu i isporuku narud\u017ebi<\/li><li>Informiranje o novostima i akcijama (uz Va\u0161u suglasnost)<\/li><li>Unapre\u0111enje korisni\u010dkog iskustva<\/li><\/ul><p><strong>Prava korisnika<\/strong><\/p><p>Imate pravo na pristup, ispravak, brisanje i ograni\u010denje obrade svojih podataka. Tako\u0111er imate pravo na prigovor i prijenos podataka.<\/p><p><strong>Sigurnost<\/strong><\/p><p>Poduzimamo sve potrebne mjere kako bismo osigurali za\u0161titu Va\u0161ih podataka od neovla\u0161tenog pristupa, izmjene ili uni\u0161tenja.<\/p><p><strong>Kola\u010di\u0107i<\/strong><\/p><p>Na\u0161a web stranica koristi kola\u010di\u0107e za pobolj\u0161anje funkcionalnosti i Va\u0161eg korisni\u010dkog iskustva. Kori\u0161tenjem na\u0161e web stranice pristajete na upotrebu kola\u010di\u0107a.<\/p><p><strong>Kontakt<\/strong><\/p><p>Za sva pitanja ili zahtjeve u vezi s Va\u0161im osobnim podacima, molimo kontaktirajte nas na:<\/p><ul><li>E-mail: webshop<a rel=\"noreferrer\">@kralj-km.hr<\/a><\/li><li>Telefon: +385 916175169<\/li><\/ul><p>Ova politika privatnosti mo\u017ee biti povremeno a\u017eurirana. Sve promjene \u0107e biti objavljene na ovoj stranici.<\/p>\t\t\t\t\t\t\t\t<\/div>\n\t\t\t\t<\/div>\n\t\t\t\t\t<\/div>\n\t\t\t\t<\/div>\n\t\t\t\t<\/div>\n\t\t","protected":false},"excerpt":{"rendered":"<p>Politika privatnosti Za\u0161tita Va\u0161ih osobnih podataka Tvrtka Kralj K&amp;M d.o.o. posve\u0107ena je za\u0161titi privatnosti svih na\u0161ih kupaca. Prikupljamo samo osnovne podatke potrebne za obradu narud\u017ebi i informiranje o novim proizvodima i akcijama. Podaci se \u010duvaju sigurnima i koriste isklju\u010divo u navedene svrhe. Koje podatke prikupljamo? Ime i prezime Adresa OIB tvrtke Naziv tvrtke E-mail adresa [&hellip;]<\/p>\n","protected":false},"author":2,"featured_media":0,"parent":0,"menu_order":0,"comment_status":"closed","ping_status":"closed","template":"elementor_header_footer","meta":{"_acf_changed":false,"footnotes":""},"class_list":["post-9528","page","type-page","status-publish","hentry"],"acf":[],"_links":{"self":[{"href":"https:\/\/kralj-km.hr\/Webshop\/wp-json\/wp\/v2\/pages\/9528","targetHints":{"allow":["GET"]}}],"collection":[{"href":"https:\/\/kralj-km.hr\/Webshop\/wp-json\/wp\/v2\/pages"}],"about":[{"href":"https:\/\/kralj-km.hr\/Webshop\/wp-json\/wp\/v2\/types\/page"}],"author":[{"embeddable":true,"href":"https:\/\/kralj-km.hr\/Webshop\/wp-json\/wp\/v2\/users\/2"}],"replies":[{"embeddable":true,"href":"https:\/\/kralj-km.hr\/Webshop\/wp-json\/wp\/v2\/comments?post=9528"}],"version-history":[{"count":0,"href":"https:\/\/kralj-km.hr\/Webshop\/wp-json\/wp\/v2\/pages\/9528\/revisions"}],"wp:attachment":[{"href":"https:\/\/kralj-km.hr\/Webshop\/wp-json\/wp\/v2\/media?parent=9528"}],"curies":[{"name":"wp","href":"https:\/\/api.w.org\/{rel}","templated":true}]}}