{"id":9527,"date":"2024-08-08T19:31:05","date_gmt":"2024-08-08T19:31:05","guid":{"rendered":"https:\/\/kralj-km.hr\/Webshop\/?page_id=9527"},"modified":"2024-08-14T19:25:52","modified_gmt":"2024-08-14T19:25:52","slug":"povrati-i-zamjene","status":"publish","type":"page","link":"https:\/\/kralj-km.hr\/Webshop\/povrati-i-zamjene\/","title":{"rendered":"Povrati i zamjene"},"content":{"rendered":"\t\t<div data-elementor-type=\"wp-page\" data-elementor-id=\"9527\" class=\"elementor elementor-9527\" data-elementor-post-type=\"page\">\n\t\t\t\t<div class=\"elementor-element elementor-element-8d98fae e-flex e-con-boxed e-con e-parent\" data-id=\"8d98fae\" data-element_type=\"container\">\n\t\t\t\t\t<div class=\"e-con-inner\">\n\t\t\t\t<div class=\"elementor-element elementor-element-7a5bd79 elementor-invisible elementor-widget elementor-widget-heading\" data-id=\"7a5bd79\" data-element_type=\"widget\" data-settings=\"{&quot;_animation&quot;:&quot;fadeInUp&quot;}\" data-widget_type=\"heading.default\">\n\t\t\t\t<div class=\"elementor-widget-container\">\n\t\t\t\t\t<h2 class=\"elementor-heading-title elementor-size-default\">Povrati i zamjene<\/h2>\t\t\t\t<\/div>\n\t\t\t\t<\/div>\n\t\t\t\t<div class=\"elementor-element elementor-element-6c57473 elementor-invisible elementor-widget elementor-widget-text-editor\" data-id=\"6c57473\" data-element_type=\"widget\" data-settings=\"{&quot;_animation&quot;:&quot;fadeIn&quot;}\" data-widget_type=\"text-editor.default\">\n\t\t\t\t<div class=\"elementor-widget-container\">\n\t\t\t\t\t\t\t\t\t<p><strong>POVRAT\/REKLAMACIJA ROBE<\/strong><\/p><p>Ukoliko je kupac iz bilo kojeg razloga nezadovoljan mo\u017ee uputiti prigovor Prodavatelju (Kralj K&amp;M d.o.o.) putem e-maila na: webshop@kralj-km.hr ili pismeno na adresu: \u00a0Mirkovec Brezni\u010dki 9, 42220, Mirkovec Brezni\u010dki, Hrvatska.<br \/>Kupac ima pravo na povrat robe u sljede\u0107im slu\u010dajevima:<br \/>&#8211; Isporuka robe koja nije naru\u010dena<br \/>&#8211; Isporuka robe kojoj je istekao rok trajanja<br \/>&#8211; Isporuka robe koja ima gre\u0161ku ili o\u0161te\u0107enja koja nisu nastala u transportu<br \/>Prodavatelj \u0107e potvrditi primitak prigovora pisanim putem bez odga\u0111anja, a odgovor sukladno Zakonu o za\u0161titi potro\u0161a\u010da \u0161aljemo Kupcu u roku od 15 (petnaest) dana od dana zaprimljenog prigovora.<br \/>Prodavatelj \u0107e prihvatiti u cijelosti povrat o\u0161te\u0107ene, neispravne ili pogre\u0161no isporu\u010dene robe o svom tro\u0161ku, ukoliko se utvrdi da je prigovor opravdan te da kupac nije utjecao na ispravnost, o\u0161te\u0107enje ili bilo kakav nedostatak robe.<br \/>U slu\u010daju opravdanog prigovora, Kupac ima pravo na raskid ugovora uz povrat upla\u0107enog iznosa ili zamjenu za ispravni, neo\u0161te\u0107eni i valjani proizvod.<br \/>U slu\u010daju nemogu\u0107nosti isporuke druge robe, Prodavatelj \u0107e nadoknadit kupcu njegove tro\u0161kove povrata robe i vrijednost robe koju vi\u0161e nije u mogu\u0107nosti isporu\u010diti.<br \/>Kupac nema pravo vratiti proizvode koji su otvoreni\/kori\u0161teni. Sva roba koju prodajemo je ispravno skladi\u0161tena u originalnoj ambala\u017ei. Rok trajanja koji je ozna\u010den na ambala\u017ei vrijedi jedino ako se ispravno skladi\u0161ti, kako je ozna\u010deno na deklaraciji.<\/p>\t\t\t\t\t\t\t\t<\/div>\n\t\t\t\t<\/div>\n\t\t\t\t\t<\/div>\n\t\t\t\t<\/div>\n\t\t\t\t<\/div>\n\t\t","protected":false},"excerpt":{"rendered":"<p>Povrati i zamjene POVRAT\/REKLAMACIJA ROBE Ukoliko je kupac iz bilo kojeg razloga nezadovoljan mo\u017ee uputiti prigovor Prodavatelju (Kralj K&amp;M d.o.o.) putem e-maila na: webshop@kralj-km.hr ili pismeno na adresu: \u00a0Mirkovec Brezni\u010dki 9, 42220, Mirkovec Brezni\u010dki, Hrvatska.Kupac ima pravo na povrat robe u sljede\u0107im slu\u010dajevima:&#8211; Isporuka robe koja nije naru\u010dena&#8211; Isporuka robe kojoj je istekao rok trajanja&#8211; [&hellip;]<\/p>\n","protected":false},"author":2,"featured_media":0,"parent":0,"menu_order":0,"comment_status":"closed","ping_status":"closed","template":"elementor_header_footer","meta":{"_acf_changed":false,"footnotes":""},"class_list":["post-9527","page","type-page","status-publish","hentry"],"acf":[],"_links":{"self":[{"href":"https:\/\/kralj-km.hr\/Webshop\/wp-json\/wp\/v2\/pages\/9527","targetHints":{"allow":["GET"]}}],"collection":[{"href":"https:\/\/kralj-km.hr\/Webshop\/wp-json\/wp\/v2\/pages"}],"about":[{"href":"https:\/\/kralj-km.hr\/Webshop\/wp-json\/wp\/v2\/types\/page"}],"author":[{"embeddable":true,"href":"https:\/\/kralj-km.hr\/Webshop\/wp-json\/wp\/v2\/users\/2"}],"replies":[{"embeddable":true,"href":"https:\/\/kralj-km.hr\/Webshop\/wp-json\/wp\/v2\/comments?post=9527"}],"version-history":[{"count":0,"href":"https:\/\/kralj-km.hr\/Webshop\/wp-json\/wp\/v2\/pages\/9527\/revisions"}],"wp:attachment":[{"href":"https:\/\/kralj-km.hr\/Webshop\/wp-json\/wp\/v2\/media?parent=9527"}],"curies":[{"name":"wp","href":"https:\/\/api.w.org\/{rel}","templated":true}]}}