{"id":10,"date":"2024-06-05T13:32:58","date_gmt":"2024-06-05T13:32:58","guid":{"rendered":"https:\/\/kralj-km.hr\/Webshop\/cart\/"},"modified":"2024-06-05T13:32:58","modified_gmt":"2024-06-05T13:32:58","slug":"cart","status":"publish","type":"page","link":"https:\/\/kralj-km.hr\/Webshop\/cart\/","title":{"rendered":"Cart"},"content":{"rendered":"\n<div data-block-name=\"woocommerce\/cart\" class=\"wp-block-woocommerce-cart alignwide is-loading\">\n<div data-block-name=\"woocommerce\/filled-cart-block\" class=\"wp-block-woocommerce-filled-cart-block\">\n<div data-block-name=\"woocommerce\/cart-items-block\" class=\"wp-block-woocommerce-cart-items-block\">\n<div data-block-name=\"woocommerce\/cart-line-items-block\" class=\"wp-block-woocommerce-cart-line-items-block\"><\/div>\n\n\n\n<div data-block-name=\"woocommerce\/cart-cross-sells-block\" class=\"wp-block-woocommerce-cart-cross-sells-block\">\n<h2 class=\"wp-block-heading has-large-font-size\">You may be interested in\u2026<\/h2>\n\n\n\n<div data-block-name=\"woocommerce\/cart-cross-sells-products-block\" class=\"wp-block-woocommerce-cart-cross-sells-products-block\"><\/div>\n<\/div>\n<\/div>\n\n\n\n<div data-block-name=\"woocommerce\/cart-totals-block\" class=\"wp-block-woocommerce-cart-totals-block\">\n<div data-block-name=\"woocommerce\/cart-order-summary-block\" class=\"wp-block-woocommerce-cart-order-summary-block\">\n<div data-block-name=\"woocommerce\/cart-order-summary-heading-block\" class=\"wp-block-woocommerce-cart-order-summary-heading-block\"><\/div><div data-block-name=\"woocommerce\/cart-order-summary-coupon-form-block\" class=\"wp-block-woocommerce-cart-order-summary-coupon-form-block\"><\/div><div data-block-name=\"woocommerce\/cart-order-summary-totals-block\" class=\"wp-block-woocommerce-cart-order-summary-totals-block\">\n<div data-block-name=\"woocommerce\/cart-order-summary-subtotal-block\" class=\"wp-block-woocommerce-cart-order-summary-subtotal-block\"><\/div>\n<div data-block-name=\"woocommerce\/cart-order-summary-discount-block\" class=\"wp-block-woocommerce-cart-order-summary-discount-block\"><\/div>\n<div data-block-name=\"woocommerce\/cart-order-summary-fee-block\" class=\"wp-block-woocommerce-cart-order-summary-fee-block\"><\/div>\n<div data-block-name=\"woocommerce\/cart-order-summary-shipping-block\" class=\"wp-block-woocommerce-cart-order-summary-shipping-block\"><\/div>\n<div data-block-name=\"woocommerce\/cart-order-summary-taxes-block\" class=\"wp-block-woocommerce-cart-order-summary-taxes-block\"><\/div><\/div>\n<\/div>\n\n\n\n<div data-block-name=\"woocommerce\/cart-express-payment-block\" class=\"wp-block-woocommerce-cart-express-payment-block\"><\/div>\n\n\n\n<div data-block-name=\"woocommerce\/proceed-to-checkout-block\" class=\"wp-block-woocommerce-proceed-to-checkout-block\"><\/div>\n\n\n\n<div data-block-name=\"woocommerce\/cart-accepted-payment-methods-block\" class=\"wp-block-woocommerce-cart-accepted-payment-methods-block\"><\/div>\n<\/div>\n<\/div>\n\n\n\n<div data-block-name=\"woocommerce\/empty-cart-block\" class=\"wp-block-woocommerce-empty-cart-block\">\n<h2 class=\"wp-block-heading has-text-align-center with-empty-cart-icon wc-block-cart__empty-cart__title\">Your cart is currently empty!<\/h2>\n\n\n\n<hr class=\"wp-block-separator has-alpha-channel-opacity is-style-dots\"\/>\n\n\n\n<h2 class=\"wp-block-heading has-text-align-center\">New in store<\/h2>\n\n\n<div data-block-name=\"woocommerce\/product-new\" data-columns=\"4\" data-rows=\"1\" class=\"wc-block-grid wp-block-product-new wp-block-woocommerce-product-new wc-block-product-new has-4-columns\"><ul class=\"wc-block-grid__products\"><li class=\"wc-block-grid__product\">\n\t\t\t\t<a href=\"https:\/\/kralj-km.hr\/Webshop\/product\/navojna-kuka-poteznice-desna-m30x35-kat-ii-tl160302rkr\/\" class=\"wc-block-grid__product-link\">\n\t\t\t\t\t\n\t\t\t\t\t<div class=\"wc-block-grid__product-image\"><img fetchpriority=\"high\" decoding=\"async\" width=\"300\" height=\"300\" src=\"https:\/\/kralj-km.hr\/Webshop\/wp-content\/uploads\/2026\/04\/tl1602722rkr-300x300.jpg\" class=\"attachment-woocommerce_thumbnail size-woocommerce_thumbnail\" alt=\"NAVOJNA KUKA POTEZNICE, DESNA M30x3,5, kat. II. - TL160302RKR\" srcset=\"https:\/\/kralj-km.hr\/Webshop\/wp-content\/uploads\/2026\/04\/tl1602722rkr-300x300.jpg 300w, https:\/\/kralj-km.hr\/Webshop\/wp-content\/uploads\/2026\/04\/tl1602722rkr-150x150.jpg 150w, https:\/\/kralj-km.hr\/Webshop\/wp-content\/uploads\/2026\/04\/tl1602722rkr-100x100.jpg 100w, https:\/\/kralj-km.hr\/Webshop\/wp-content\/uploads\/2026\/04\/tl1602722rkr.jpg 500w\" sizes=\"(max-width: 300px) 100vw, 300px\" \/><\/div>\n\t\t\t\t\t<div class=\"wc-block-grid__product-title\">NAVOJNA KUKA POTEZNICE, DESNA M30x3,5, kat. II. &#8211; TL160302RKR<\/div>\n\t\t\t\t<\/a>\n\t\t\t\t<div class=\"wc-block-grid__product-price price\"><span class=\"woocommerce-Price-amount amount\">21,26&nbsp;<span class=\"woocommerce-Price-currencySymbol\">&euro;<\/span><\/span> +PDV<\/div>\n\t\t\t\t\n\t\t\t\t<div class=\"wp-block-button wc-block-grid__product-add-to-cart\"><a href=\"\/Webshop\/wp-json\/wp\/v2\/pages\/10?add-to-cart=12323\" aria-label=\"Dodaj u ko\u0161aricu: &quot;NAVOJNA KUKA POTEZNICE, DESNA M30x3,5, kat. II. - TL160302RKR&quot;\" data-quantity=\"1\" data-product_id=\"12323\" data-product_sku=\"\" data-price=\"21.26\" rel=\"nofollow\" class=\"wp-block-button__link  add_to_cart_button ajax_add_to_cart\">Dodaj u ko\u0161aricu<\/a><\/div>\n\t\t\t<\/li><li class=\"wc-block-grid__product\">\n\t\t\t\t<a href=\"https:\/\/kralj-km.hr\/Webshop\/product\/kotac-za-tacke-350x8\/\" class=\"wc-block-grid__product-link\">\n\t\t\t\t\t\n\t\t\t\t\t<div class=\"wc-block-grid__product-image\"><img decoding=\"async\" width=\"300\" height=\"300\" src=\"https:\/\/kralj-km.hr\/Webshop\/wp-content\/uploads\/2026\/04\/12-300x300.jpg\" class=\"attachment-woocommerce_thumbnail size-woocommerce_thumbnail\" alt=\"KOTA\u010c ZA TA\u010cKE 3,50X8\" srcset=\"https:\/\/kralj-km.hr\/Webshop\/wp-content\/uploads\/2026\/04\/12-300x300.jpg 300w, https:\/\/kralj-km.hr\/Webshop\/wp-content\/uploads\/2026\/04\/12-150x150.jpg 150w, https:\/\/kralj-km.hr\/Webshop\/wp-content\/uploads\/2026\/04\/12-600x600.jpg 600w, https:\/\/kralj-km.hr\/Webshop\/wp-content\/uploads\/2026\/04\/12-100x100.jpg 100w, https:\/\/kralj-km.hr\/Webshop\/wp-content\/uploads\/2026\/04\/12.jpg 696w\" sizes=\"(max-width: 300px) 100vw, 300px\" \/><\/div>\n\t\t\t\t\t<div class=\"wc-block-grid__product-title\">KOTA\u010c ZA TA\u010cKE 3,50X8<\/div>\n\t\t\t\t<\/a>\n\t\t\t\t<div class=\"wc-block-grid__product-price price\"><span class=\"woocommerce-Price-amount amount\">16,00&nbsp;<span class=\"woocommerce-Price-currencySymbol\">&euro;<\/span><\/span> +PDV<\/div>\n\t\t\t\t\n\t\t\t\t<div class=\"wp-block-button wc-block-grid__product-add-to-cart\"><a href=\"\/Webshop\/wp-json\/wp\/v2\/pages\/10?add-to-cart=12321\" aria-label=\"Dodaj u ko\u0161aricu: &quot;KOTA\u010c ZA TA\u010cKE 3,50X8&quot;\" data-quantity=\"1\" data-product_id=\"12321\" data-product_sku=\"\" data-price=\"16\" rel=\"nofollow\" class=\"wp-block-button__link  add_to_cart_button ajax_add_to_cart\">Dodaj u ko\u0161aricu<\/a><\/div>\n\t\t\t<\/li><li class=\"wc-block-grid__product\">\n\t\t\t\t<a href=\"https:\/\/kralj-km.hr\/Webshop\/product\/zracno-sjedalo-proboss-2408802480\/\" class=\"wc-block-grid__product-link\">\n\t\t\t\t\t\n\t\t\t\t\t<div class=\"wc-block-grid__product-image\"><img decoding=\"async\" width=\"300\" height=\"300\" src=\"https:\/\/kralj-km.hr\/Webshop\/wp-content\/uploads\/2026\/03\/2408802480-300x300.jpg\" class=\"attachment-woocommerce_thumbnail size-woocommerce_thumbnail\" alt=\"ZRA\u010cNO SJEDALO PROBOSS AS2480 - 2408802480\" srcset=\"https:\/\/kralj-km.hr\/Webshop\/wp-content\/uploads\/2026\/03\/2408802480-300x300.jpg 300w, https:\/\/kralj-km.hr\/Webshop\/wp-content\/uploads\/2026\/03\/2408802480-150x150.jpg 150w, https:\/\/kralj-km.hr\/Webshop\/wp-content\/uploads\/2026\/03\/2408802480-768x768.jpg 768w, https:\/\/kralj-km.hr\/Webshop\/wp-content\/uploads\/2026\/03\/2408802480-600x600.jpg 600w, https:\/\/kralj-km.hr\/Webshop\/wp-content\/uploads\/2026\/03\/2408802480-100x100.jpg 100w, https:\/\/kralj-km.hr\/Webshop\/wp-content\/uploads\/2026\/03\/2408802480.jpg 800w\" sizes=\"(max-width: 300px) 100vw, 300px\" \/><\/div>\n\t\t\t\t\t<div class=\"wc-block-grid__product-title\">ZRA\u010cNO SJEDALO PROBOSS AS2480 &#8211; 2408802480<\/div>\n\t\t\t\t<\/a>\n\t\t\t\t<div class=\"wc-block-grid__product-price price\"><span class=\"woocommerce-Price-amount amount\">590,00&nbsp;<span class=\"woocommerce-Price-currencySymbol\">&euro;<\/span><\/span> +PDV<\/div>\n\t\t\t\t\n\t\t\t\t<div class=\"wp-block-button wc-block-grid__product-add-to-cart\"><a href=\"\/Webshop\/wp-json\/wp\/v2\/pages\/10?add-to-cart=12309\" aria-label=\"Dodaj u ko\u0161aricu: &quot;ZRA\u010cNO SJEDALO PROBOSS AS2480 - 2408802480&quot;\" data-quantity=\"1\" data-product_id=\"12309\" data-product_sku=\"\" data-price=\"590\" rel=\"nofollow\" class=\"wp-block-button__link  add_to_cart_button ajax_add_to_cart\">Dodaj u ko\u0161aricu<\/a><\/div>\n\t\t\t<\/li><li class=\"wc-block-grid__product\">\n\t\t\t\t<a href=\"https:\/\/kralj-km.hr\/Webshop\/product\/ulje-mjenjaca-landini-vela-c-20-1-6632308a1\/\" class=\"wc-block-grid__product-link\">\n\t\t\t\t\t\n\t\t\t\t\t<div class=\"wc-block-grid__product-image\"><img loading=\"lazy\" decoding=\"async\" width=\"300\" height=\"284\" src=\"https:\/\/kralj-km.hr\/Webshop\/wp-content\/uploads\/2026\/03\/Landini-Vela-C-20-litri-300x284-1.jpg\" class=\"attachment-woocommerce_thumbnail size-woocommerce_thumbnail\" alt=\"ULJE MJENJA\u010cA LANDINI VELA C+ 20\/1 - 6632308A1\" \/><\/div>\n\t\t\t\t\t<div class=\"wc-block-grid__product-title\">ULJE MJENJA\u010cA LANDINI VELA C+ 20\/1 &#8211; 6632308A1<\/div>\n\t\t\t\t<\/a>\n\t\t\t\t<div class=\"wc-block-grid__product-price price\"><span class=\"woocommerce-Price-amount amount\">116,00&nbsp;<span class=\"woocommerce-Price-currencySymbol\">&euro;<\/span><\/span> +PDV<\/div>\n\t\t\t\t\n\t\t\t\t<div class=\"wp-block-button wc-block-grid__product-add-to-cart\"><a href=\"\/Webshop\/wp-json\/wp\/v2\/pages\/10?add-to-cart=12290\" aria-label=\"Dodaj u ko\u0161aricu: &quot;ULJE MJENJA\u010cA LANDINI VELA C+ 20\/1 - 6632308A1&quot;\" data-quantity=\"1\" data-product_id=\"12290\" data-product_sku=\"\" data-price=\"116\" rel=\"nofollow\" class=\"wp-block-button__link  add_to_cart_button ajax_add_to_cart\">Dodaj u ko\u0161aricu<\/a><\/div>\n\t\t\t<\/li><\/ul><\/div><\/div>\n<\/div>\n","protected":false},"excerpt":{"rendered":"","protected":false},"author":1,"featured_media":0,"parent":0,"menu_order":0,"comment_status":"closed","ping_status":"closed","template":"","meta":{"_acf_changed":false,"footnotes":""},"class_list":["post-10","page","type-page","status-publish","hentry"],"acf":[],"_links":{"self":[{"href":"https:\/\/kralj-km.hr\/Webshop\/wp-json\/wp\/v2\/pages\/10","targetHints":{"allow":["GET"]}}],"collection":[{"href":"https:\/\/kralj-km.hr\/Webshop\/wp-json\/wp\/v2\/pages"}],"about":[{"href":"https:\/\/kralj-km.hr\/Webshop\/wp-json\/wp\/v2\/types\/page"}],"author":[{"embeddable":true,"href":"https:\/\/kralj-km.hr\/Webshop\/wp-json\/wp\/v2\/users\/1"}],"replies":[{"embeddable":true,"href":"https:\/\/kralj-km.hr\/Webshop\/wp-json\/wp\/v2\/comments?post=10"}],"version-history":[{"count":0,"href":"https:\/\/kralj-km.hr\/Webshop\/wp-json\/wp\/v2\/pages\/10\/revisions"}],"wp:attachment":[{"href":"https:\/\/kralj-km.hr\/Webshop\/wp-json\/wp\/v2\/media?parent=10"}],"curies":[{"name":"wp","href":"https:\/\/api.w.org\/{rel}","templated":true}]}}